{"id":148,"date":"2024-05-29T13:25:33","date_gmt":"2024-05-29T05:25:33","guid":{"rendered":"https:\/\/www.stainless-steels.co\/?post_type=product&#038;p=148"},"modified":"2024-12-27T13:52:54","modified_gmt":"2024-12-27T05:52:54","slug":"304-304l-stainless-steel-sheet","status":"publish","type":"product","link":"https:\/\/www.stainless-steels.co\/pt\/304-304l-stainless-steel-sheet\/","title":{"rendered":"Chapa de a\u00e7o inoxid\u00e1vel 304\/304L"},"excerpt":{"rendered":"<p>A chapa de a\u00e7o inoxid\u00e1vel 304 \u00e9 uma chapa de a\u00e7o inoxid\u00e1vel austen\u00edtico comum e amplamente usada com excelente resist\u00eancia \u00e0 corros\u00e3o e uma variedade de excelentes propriedades. A YIER Metal \u00e9 uma fabricante confi\u00e1vel de chapas de a\u00e7o inoxid\u00e1vel 304 e fornecedora de chapas de a\u00e7o inoxid\u00e1vel 304, fornecendo solu\u00e7\u00f5es personalizadas de fornecimento de chapas de a\u00e7o inoxid\u00e1vel 304 para processamento de alimentos, decora\u00e7\u00e3o de edif\u00edcios, eletrodom\u00e9sticos [\u2026]<\/p>","protected":false},"featured_media":1659,"template":"","product-category":[54],"class_list":["post-148","product","type-product","status-publish","has-post-thumbnail","hentry","product-category-stainless-steel-sheet"],"acf":[],"_links":{"self":[{"href":"https:\/\/www.stainless-steels.co\/pt\/wp-json\/wp\/v2\/product\/148","targetHints":{"allow":["GET"]}}],"collection":[{"href":"https:\/\/www.stainless-steels.co\/pt\/wp-json\/wp\/v2\/product"}],"about":[{"href":"https:\/\/www.stainless-steels.co\/pt\/wp-json\/wp\/v2\/types\/product"}],"wp:featuredmedia":[{"embeddable":true,"href":"https:\/\/www.stainless-steels.co\/pt\/wp-json\/wp\/v2\/media\/1659"}],"wp:attachment":[{"href":"https:\/\/www.stainless-steels.co\/pt\/wp-json\/wp\/v2\/media?parent=148"}],"wp:term":[{"taxonomy":"product-category","embeddable":true,"href":"https:\/\/www.stainless-steels.co\/pt\/wp-json\/wp\/v2\/product-category?post=148"}],"curies":[{"name":"wp","href":"https:\/\/api.w.org\/{rel}","templated":true}]}}