{"id":3441,"date":"2024-10-24T13:51:29","date_gmt":"2024-10-24T05:51:29","guid":{"rendered":"https:\/\/www.stainless-steels.co\/?post_type=product&#038;p=3441"},"modified":"2024-12-26T16:49:42","modified_gmt":"2024-12-26T08:49:42","slug":"polished-stainless-steel-angle","status":"publish","type":"product","link":"https:\/\/www.stainless-steels.co\/pt\/polished-stainless-steel-angle\/","title":{"rendered":"\u00c2ngulo de a\u00e7o inoxid\u00e1vel polido"},"excerpt":{"rendered":"","protected":false},"featured_media":3436,"template":"","product-category":[58],"class_list":["post-3441","product","type-product","status-publish","has-post-thumbnail","hentry","product-category-stainless-steel-angle"],"acf":[],"_links":{"self":[{"href":"https:\/\/www.stainless-steels.co\/pt\/wp-json\/wp\/v2\/product\/3441","targetHints":{"allow":["GET"]}}],"collection":[{"href":"https:\/\/www.stainless-steels.co\/pt\/wp-json\/wp\/v2\/product"}],"about":[{"href":"https:\/\/www.stainless-steels.co\/pt\/wp-json\/wp\/v2\/types\/product"}],"wp:featuredmedia":[{"embeddable":true,"href":"https:\/\/www.stainless-steels.co\/pt\/wp-json\/wp\/v2\/media\/3436"}],"wp:attachment":[{"href":"https:\/\/www.stainless-steels.co\/pt\/wp-json\/wp\/v2\/media?parent=3441"}],"wp:term":[{"taxonomy":"product-category","embeddable":true,"href":"https:\/\/www.stainless-steels.co\/pt\/wp-json\/wp\/v2\/product-category?post=3441"}],"curies":[{"name":"wp","href":"https:\/\/api.w.org\/{rel}","templated":true}]}}