{"id":3503,"date":"2024-10-24T15:36:16","date_gmt":"2024-10-24T07:36:16","guid":{"rendered":"https:\/\/www.stainless-steels.co\/?post_type=product&#038;p=3503"},"modified":"2024-12-26T16:49:01","modified_gmt":"2024-12-26T08:49:01","slug":"321-stainless-steel-angle","status":"publish","type":"product","link":"https:\/\/www.stainless-steels.co\/pt\/321-stainless-steel-angle\/","title":{"rendered":"\u00c2ngulo de a\u00e7o inoxid\u00e1vel 321"},"excerpt":{"rendered":"","protected":false},"featured_media":3499,"template":"","product-category":[58],"class_list":["post-3503","product","type-product","status-publish","has-post-thumbnail","hentry","product-category-stainless-steel-angle"],"acf":[],"_links":{"self":[{"href":"https:\/\/www.stainless-steels.co\/pt\/wp-json\/wp\/v2\/product\/3503","targetHints":{"allow":["GET"]}}],"collection":[{"href":"https:\/\/www.stainless-steels.co\/pt\/wp-json\/wp\/v2\/product"}],"about":[{"href":"https:\/\/www.stainless-steels.co\/pt\/wp-json\/wp\/v2\/types\/product"}],"wp:featuredmedia":[{"embeddable":true,"href":"https:\/\/www.stainless-steels.co\/pt\/wp-json\/wp\/v2\/media\/3499"}],"wp:attachment":[{"href":"https:\/\/www.stainless-steels.co\/pt\/wp-json\/wp\/v2\/media?parent=3503"}],"wp:term":[{"taxonomy":"product-category","embeddable":true,"href":"https:\/\/www.stainless-steels.co\/pt\/wp-json\/wp\/v2\/product-category?post=3503"}],"curies":[{"name":"wp","href":"https:\/\/api.w.org\/{rel}","templated":true}]}}