{"id":148,"date":"2024-05-29T13:25:33","date_gmt":"2024-05-29T05:25:33","guid":{"rendered":"https:\/\/www.stainless-steels.co\/?post_type=product&#038;p=148"},"modified":"2024-12-27T13:52:54","modified_gmt":"2024-12-27T05:52:54","slug":"304-304l-stainless-steel-sheet","status":"publish","type":"product","link":"https:\/\/www.stainless-steels.co\/vi\/304-304l-stainless-steel-sheet\/","title":{"rendered":"T\u1ea5m th\u00e9p kh\u00f4ng g\u1ec9 304\/304L"},"excerpt":{"rendered":"<p>T\u1ea5m th\u00e9p kh\u00f4ng g\u1ec9 304 l\u00e0 t\u1ea5m th\u00e9p kh\u00f4ng g\u1ec9 austenit ph\u1ed5 bi\u1ebfn v\u00e0 \u0111\u01b0\u1ee3c s\u1eed d\u1ee5ng r\u1ed9ng r\u00e3i v\u1edbi kh\u1ea3 n\u0103ng ch\u1ed1ng \u0103n m\u00f2n tuy\u1ec7t v\u1eddi v\u00e0 nhi\u1ec1u \u0111\u1eb7c t\u00ednh tuy\u1ec7t v\u1eddi. YIER Metal l\u00e0 nh\u00e0 s\u1ea3n xu\u1ea5t t\u1ea5m th\u00e9p kh\u00f4ng g\u1ec9 304 \u0111\u00e1ng tin c\u1eady v\u00e0 nh\u00e0 cung c\u1ea5p t\u1ea5m th\u00e9p kh\u00f4ng g\u1ec9 304, cung c\u1ea5p c\u00e1c gi\u1ea3i ph\u00e1p cung c\u1ea5p t\u1ea5m th\u00e9p kh\u00f4ng g\u1ec9 304 t\u00f9y ch\u1ec9nh cho ch\u1ebf bi\u1ebfn th\u1ef1c ph\u1ea9m, trang tr\u00ed t\u00f2a nh\u00e0, \u0111\u1ed3 gia d\u1ee5ng [\u2026]<\/p>","protected":false},"featured_media":1659,"template":"","product-category":[54],"class_list":["post-148","product","type-product","status-publish","has-post-thumbnail","hentry","product-category-stainless-steel-sheet"],"acf":[],"_links":{"self":[{"href":"https:\/\/www.stainless-steels.co\/vi\/wp-json\/wp\/v2\/product\/148","targetHints":{"allow":["GET"]}}],"collection":[{"href":"https:\/\/www.stainless-steels.co\/vi\/wp-json\/wp\/v2\/product"}],"about":[{"href":"https:\/\/www.stainless-steels.co\/vi\/wp-json\/wp\/v2\/types\/product"}],"wp:featuredmedia":[{"embeddable":true,"href":"https:\/\/www.stainless-steels.co\/vi\/wp-json\/wp\/v2\/media\/1659"}],"wp:attachment":[{"href":"https:\/\/www.stainless-steels.co\/vi\/wp-json\/wp\/v2\/media?parent=148"}],"wp:term":[{"taxonomy":"product-category","embeddable":true,"href":"https:\/\/www.stainless-steels.co\/vi\/wp-json\/wp\/v2\/product-category?post=148"}],"curies":[{"name":"wp","href":"https:\/\/api.w.org\/{rel}","templated":true}]}}