{"id":3423,"date":"2024-10-24T11:49:18","date_gmt":"2024-10-24T03:49:18","guid":{"rendered":"https:\/\/www.stainless-steels.co\/?post_type=product&#038;p=3423"},"modified":"2024-12-26T16:49:50","modified_gmt":"2024-12-26T08:49:50","slug":"brushed-stainless-steel-wire","status":"publish","type":"product","link":"https:\/\/www.stainless-steels.co\/vi\/brushed-stainless-steel-wire\/","title":{"rendered":"G\u00f3c th\u00e9p kh\u00f4ng g\u1ec9 ch\u1ea3i"},"excerpt":{"rendered":"","protected":false},"featured_media":3422,"template":"","product-category":[58],"class_list":["post-3423","product","type-product","status-publish","has-post-thumbnail","hentry","product-category-stainless-steel-angle"],"acf":[],"_links":{"self":[{"href":"https:\/\/www.stainless-steels.co\/vi\/wp-json\/wp\/v2\/product\/3423","targetHints":{"allow":["GET"]}}],"collection":[{"href":"https:\/\/www.stainless-steels.co\/vi\/wp-json\/wp\/v2\/product"}],"about":[{"href":"https:\/\/www.stainless-steels.co\/vi\/wp-json\/wp\/v2\/types\/product"}],"wp:featuredmedia":[{"embeddable":true,"href":"https:\/\/www.stainless-steels.co\/vi\/wp-json\/wp\/v2\/media\/3422"}],"wp:attachment":[{"href":"https:\/\/www.stainless-steels.co\/vi\/wp-json\/wp\/v2\/media?parent=3423"}],"wp:term":[{"taxonomy":"product-category","embeddable":true,"href":"https:\/\/www.stainless-steels.co\/vi\/wp-json\/wp\/v2\/product-category?post=3423"}],"curies":[{"name":"wp","href":"https:\/\/api.w.org\/{rel}","templated":true}]}}