{"id":3661,"date":"2024-10-25T16:07:14","date_gmt":"2024-10-25T08:07:14","guid":{"rendered":"https:\/\/www.stainless-steels.co\/?post_type=product&#038;p=3661"},"modified":"2024-12-26T16:52:32","modified_gmt":"2024-12-26T08:52:32","slug":"stainless-steel-z-channel","status":"publish","type":"product","link":"https:\/\/www.stainless-steels.co\/vi\/stainless-steel-z-channel\/","title":{"rendered":"K\u00eanh th\u00e9p kh\u00f4ng g\u1ec9 Z"},"excerpt":{"rendered":"","protected":false},"featured_media":3663,"template":"","product-category":[60],"class_list":["post-3661","product","type-product","status-publish","has-post-thumbnail","hentry","product-category-stainless-steel-channel"],"acf":[],"_links":{"self":[{"href":"https:\/\/www.stainless-steels.co\/vi\/wp-json\/wp\/v2\/product\/3661","targetHints":{"allow":["GET"]}}],"collection":[{"href":"https:\/\/www.stainless-steels.co\/vi\/wp-json\/wp\/v2\/product"}],"about":[{"href":"https:\/\/www.stainless-steels.co\/vi\/wp-json\/wp\/v2\/types\/product"}],"wp:featuredmedia":[{"embeddable":true,"href":"https:\/\/www.stainless-steels.co\/vi\/wp-json\/wp\/v2\/media\/3663"}],"wp:attachment":[{"href":"https:\/\/www.stainless-steels.co\/vi\/wp-json\/wp\/v2\/media?parent=3661"}],"wp:term":[{"taxonomy":"product-category","embeddable":true,"href":"https:\/\/www.stainless-steels.co\/vi\/wp-json\/wp\/v2\/product-category?post=3661"}],"curies":[{"name":"wp","href":"https:\/\/api.w.org\/{rel}","templated":true}]}}